{"id":75,"date":"2020-01-27T08:29:32","date_gmt":"2020-01-27T08:29:32","guid":{"rendered":"https:\/\/demosites.io\/web-agency-gb\/?page_id=75"},"modified":"2021-11-16T19:11:45","modified_gmt":"2021-11-16T19:11:45","slug":"contacto","status":"publish","type":"page","link":"https:\/\/www.sjmaquinsa.com.mx\/Home\/contacto\/","title":{"rendered":"Contacto"},"content":{"rendered":"\n<div class=\"wp-block-cover alignfull has-background-dim\"><img loading=\"lazy\" decoding=\"async\" width=\"4001\" height=\"1051\" class=\"wp-block-cover__image-background wp-image-748\" alt=\"\" src=\"https:\/\/www.sjmaquinsa.com.mx\/Home\/wp-content\/uploads\/2021\/11\/Banner-Contacto.png\" data-object-fit=\"cover\" srcset=\"https:\/\/www.sjmaquinsa.com.mx\/Home\/wp-content\/uploads\/2021\/11\/Banner-Contacto.png 4001w, https:\/\/www.sjmaquinsa.com.mx\/Home\/wp-content\/uploads\/2021\/11\/Banner-Contacto-300x79.png 300w, https:\/\/www.sjmaquinsa.com.mx\/Home\/wp-content\/uploads\/2021\/11\/Banner-Contacto-1024x269.png 1024w, https:\/\/www.sjmaquinsa.com.mx\/Home\/wp-content\/uploads\/2021\/11\/Banner-Contacto-768x202.png 768w, https:\/\/www.sjmaquinsa.com.mx\/Home\/wp-content\/uploads\/2021\/11\/Banner-Contacto-1536x403.png 1536w, https:\/\/www.sjmaquinsa.com.mx\/Home\/wp-content\/uploads\/2021\/11\/Banner-Contacto-2048x538.png 2048w\" sizes=\"auto, (max-width: 4001px) 100vw, 4001px\" \/><div class=\"wp-block-cover__inner-container is-layout-flow wp-block-cover-is-layout-flow\">\n<h2 class=\"has-text-align-center wp-block-heading\">Contacto<\/h2>\n<\/div><\/div>\n\n\n\n<div style=\"height:50px\" aria-hidden=\"true\" class=\"wp-block-spacer\"><\/div>\n\n\n\n<div class=\"wp-block-columns alignfull is-layout-flex wp-container-core-columns-is-layout-9d6595d7 wp-block-columns-is-layout-flex\">\n<div class=\"wp-block-column is-vertically-aligned-center is-layout-flow wp-block-column-is-layout-flow\" style=\"flex-basis:290px\"><\/div>\n\n\n\n<div class=\"wp-block-column is-vertically-aligned-center is-layout-flow wp-block-column-is-layout-flow\">\t\t<div id=\"wpmapblock_0\" data-settings='{&quot;map_marker&quot;:[{&quot;lat&quot;:&quot;20.36411917739547&quot;,&quot;lng&quot;:&quot;-99.95871304826113&quot;,&quot;title&quot;:&quot;SJMAQUINSA&quot;,&quot;content&quot;:&quot;&quot;,&quot;iconType&quot;:&quot;default&quot;,&quot;customIconUrl&quot;:&quot;&quot;,&quot;customIconWidth&quot;:&quot;25&quot;,&quot;customIconHeight&quot;:&quot;40&quot;}],&quot;map_zoom&quot;:&quot;13&quot;,&quot;scroll_wheel_zoom&quot;:false,&quot;map_type&quot;:&quot;GM&quot;,&quot;center_index&quot;:0}' class=\"wpmapblockrender\" style=\"\n\t\t\twidth: 100%;\n\t\t\theight: 500px;\n\t\t\"><\/div>\n        <\/div>\n\n\n\n<div class=\"wp-block-column is-vertically-aligned-center is-layout-flow wp-block-column-is-layout-flow\"><div class=\"wpforms-container wpforms-container-full\" id=\"wpforms-752\"><form id=\"wpforms-form-752\" class=\"wpforms-validate wpforms-form\" data-formid=\"752\" method=\"post\" enctype=\"multipart\/form-data\" action=\"\/Home\/wp-json\/wp\/v2\/pages\/75\" data-token=\"88a3f6930925c4e3d8a3db12224fd0db\"><noscript class=\"wpforms-error-noscript\">Por favor, activa JavaScript en tu navegador para completar este formulario.<\/noscript><div class=\"wpforms-field-container\"><div id=\"wpforms-752-field_0-container\" class=\"wpforms-field wpforms-field-name\" data-field-id=\"0\"><label class=\"wpforms-field-label\" for=\"wpforms-752-field_0\">Nombre  <span class=\"wpforms-required-label\">*<\/span><\/label><div class=\"wpforms-field-row wpforms-field-large\"><div class=\"wpforms-field-row-block wpforms-first wpforms-one-half\"><input type=\"text\" id=\"wpforms-752-field_0\" class=\"wpforms-field-name-first wpforms-field-required\" name=\"wpforms[fields][0][first]\" placeholder=\"Nombre\" required><label for=\"wpforms-752-field_0\" class=\"wpforms-field-sublabel after wpforms-sublabel-hide\">Nombre<\/label><\/div><div class=\"wpforms-field-row-block wpforms-one-half\"><input type=\"text\" id=\"wpforms-752-field_0-last\" class=\"wpforms-field-name-last wpforms-field-required\" name=\"wpforms[fields][0][last]\" placeholder=\"Apellidos\" required><label for=\"wpforms-752-field_0-last\" class=\"wpforms-field-sublabel after wpforms-sublabel-hide\">Apellidos<\/label><\/div><\/div><\/div><div id=\"wpforms-752-field_1-container\" class=\"wpforms-field wpforms-field-email\" data-field-id=\"1\"><label class=\"wpforms-field-label\" for=\"wpforms-752-field_1\">Correo <span class=\"wpforms-required-label\">*<\/span><\/label><input type=\"email\" id=\"wpforms-752-field_1\" class=\"wpforms-field-large wpforms-field-required\" name=\"wpforms[fields][1]\" placeholder=\"Correo Electronico\" required><\/div><div id=\"wpforms-752-field_3-container\" class=\"wpforms-field wpforms-field-number\" data-field-id=\"3\"><label class=\"wpforms-field-label\" for=\"wpforms-752-field_3\">Tel\u00e9fono <span class=\"wpforms-required-label\">*<\/span><\/label><input type=\"number\" pattern=\"\\d*\" id=\"wpforms-752-field_3\" class=\"wpforms-field-large wpforms-field-required\" name=\"wpforms[fields][3]\" placeholder=\"Tel\u00e9fono fijo o Celular\" required><\/div><div id=\"wpforms-752-field_2-container\" class=\"wpforms-field wpforms-field-textarea\" data-field-id=\"2\"><label class=\"wpforms-field-label\" for=\"wpforms-752-field_2\">Mensaje <span class=\"wpforms-required-label\">*<\/span><\/label><textarea id=\"wpforms-752-field_2\" class=\"wpforms-field-medium wpforms-field-required wpforms-limit-characters-enabled\" data-form-id=\"752\" data-field-id=\"2\" data-text-limit=\"300\" name=\"wpforms[fields][2]\" placeholder=\"Escriba su mensaje\" maxlength=\"300\" required><\/textarea><\/div><\/div><div class=\"wpforms-submit-container\"><input type=\"hidden\" name=\"wpforms[id]\" value=\"752\"><input type=\"hidden\" name=\"wpforms[author]\" value=\"1\"><button type=\"submit\" name=\"wpforms[submit]\" id=\"wpforms-submit-752\" class=\"wpforms-submit\" aria-live=\"assertive\" value=\"wpforms-submit\">Enviar<\/button><\/div><\/form><\/div>  <!-- .wpforms-container --><\/div>\n\n\n\n<div class=\"wp-block-column is-vertically-aligned-center is-layout-flow wp-block-column-is-layout-flow\" style=\"flex-basis:290px\"><\/div>\n<\/div>\n\n\n\n<div class=\"wp-block-cover alignfull has-background-dim\" style=\"background-color:#d35715;min-height:300px;aspect-ratio:unset;\"><div class=\"wp-block-cover__inner-container is-layout-flow wp-block-cover-is-layout-flow\">\n<div style=\"height:40px\" aria-hidden=\"true\" class=\"wp-block-spacer\"><\/div>\n\n\n\n<div class=\"wp-block-columns is-layout-flex wp-container-core-columns-is-layout-9d6595d7 wp-block-columns-is-layout-flex\">\n<div class=\"wp-block-column ticss-4ce656f1 is-layout-flow wp-block-column-is-layout-flow\">\n<div style=\"height:24px\" aria-hidden=\"true\" class=\"wp-block-spacer\"><\/div>\n\n\n\n<h3 class=\"has-text-align-center has-nv-text-dark-bg-color has-text-color wp-block-heading\">Tel\u00e9fono<\/h3>\n\n\n\n<p class=\"has-text-align-center has-nv-text-dark-bg-color has-text-color\" style=\"font-size:15px\">427 264 2000 | Lunes &#8211; Viernes<\/p>\n<\/div>\n\n\n\n<div class=\"wp-block-column ticss-f6fc7494 is-layout-flow wp-block-column-is-layout-flow\">\n<div style=\"height:24px\" aria-hidden=\"true\" class=\"wp-block-spacer\"><\/div>\n\n\n\n<h3 class=\"has-text-align-center has-nv-text-dark-bg-color has-text-color wp-block-heading\">Correo<\/h3>\n\n\n\n<p class=\"has-text-align-center has-nv-text-dark-bg-color has-text-color\" style=\"font-size:15px\">contacto@sjmaquinsa.com.mx<\/p>\n<\/div>\n\n\n\n<div class=\"wp-block-column ticss-a5b4df29 is-layout-flow wp-block-column-is-layout-flow\">\n<div style=\"height:24px\" aria-hidden=\"true\" class=\"wp-block-spacer\"><\/div>\n\n\n\n<h3 class=\"has-text-align-center has-nv-text-dark-bg-color has-text-color wp-block-heading\">Ubicaci\u00f3n<\/h3>\n\n\n\n<p class=\"has-text-align-center has-nv-text-dark-bg-color has-text-color\" style=\"font-size:15px\">Avenida Aztecas, Nuevo San Juan, 76807 San Juan del R\u00edo, Qro.<\/p>\n<\/div>\n<\/div>\n<\/div><\/div>\n\n\n\n<div class=\"wp-block-cover alignfull has-background-dim\"><img loading=\"lazy\" decoding=\"async\" width=\"1920\" height=\"432\" class=\"wp-block-cover__image-background wp-image-763\" alt=\"\" src=\"https:\/\/www.sjmaquinsa.com.mx\/Home\/wp-content\/uploads\/2021\/11\/01_1-Banner-Footer-1-1.png\" data-object-fit=\"cover\" srcset=\"https:\/\/www.sjmaquinsa.com.mx\/Home\/wp-content\/uploads\/2021\/11\/01_1-Banner-Footer-1-1.png 1920w, https:\/\/www.sjmaquinsa.com.mx\/Home\/wp-content\/uploads\/2021\/11\/01_1-Banner-Footer-1-1-300x68.png 300w, https:\/\/www.sjmaquinsa.com.mx\/Home\/wp-content\/uploads\/2021\/11\/01_1-Banner-Footer-1-1-1024x230.png 1024w, https:\/\/www.sjmaquinsa.com.mx\/Home\/wp-content\/uploads\/2021\/11\/01_1-Banner-Footer-1-1-768x173.png 768w, https:\/\/www.sjmaquinsa.com.mx\/Home\/wp-content\/uploads\/2021\/11\/01_1-Banner-Footer-1-1-1536x346.png 1536w\" sizes=\"auto, (max-width: 1920px) 100vw, 1920px\" \/><div class=\"wp-block-cover__inner-container is-layout-flow wp-block-cover-is-layout-flow\">\n<div style=\"height:40px\" aria-hidden=\"true\" class=\"wp-block-spacer\"><\/div>\n\n\n\n<div class=\"wp-block-columns is-layout-flex wp-container-core-columns-is-layout-9d6595d7 wp-block-columns-is-layout-flex\">\n<div class=\"wp-block-column is-layout-flow wp-block-column-is-layout-flow\" style=\"flex-basis:100%\">\n<h3 class=\"has-text-align-center wp-block-heading\">M\u00e1s de una 30 a\u00f1os de experiencia nos respaldan<br>\u00a1Obten una cotizaci\u00f3n hoy!<\/h3>\n<\/div>\n<\/div>\n<\/div><\/div>\n\n\n\n<div style=\"height:20px\" aria-hidden=\"true\" class=\"wp-block-spacer\"><\/div>\n\n\n\n<figure class=\"wp-block-gallery alignfull columns-4 is-cropped wp-block-gallery-1 is-layout-flex wp-block-gallery-is-layout-flex\"><ul class=\"blocks-gallery-grid\"><li class=\"blocks-gallery-item\"><figure><img loading=\"lazy\" decoding=\"async\" width=\"480\" height=\"361\" src=\"https:\/\/www.sjmaquinsa.com.mx\/Home\/wp-content\/uploads\/2021\/11\/01-Galeria-Home.png\" alt=\"\" data-id=\"415\" data-full-url=\"https:\/\/www.sjmaquinsa.com.mx\/Home\/wp-content\/uploads\/2021\/11\/01-Galeria-Home.png\" data-link=\"https:\/\/www.sjmaquinsa.com.mx\/Home\/home\/attachment\/01-galeria-home\/\" class=\"wp-image-415\" srcset=\"https:\/\/www.sjmaquinsa.com.mx\/Home\/wp-content\/uploads\/2021\/11\/01-Galeria-Home.png 480w, https:\/\/www.sjmaquinsa.com.mx\/Home\/wp-content\/uploads\/2021\/11\/01-Galeria-Home-300x226.png 300w\" sizes=\"auto, (max-width: 480px) 100vw, 480px\" \/><\/figure><\/li><li class=\"blocks-gallery-item\"><figure><img loading=\"lazy\" decoding=\"async\" width=\"2560\" height=\"1707\" src=\"https:\/\/www.sjmaquinsa.com.mx\/Home\/wp-content\/uploads\/2021\/11\/IMG_9230-scaled.jpg\" alt=\"\" data-id=\"823\" data-full-url=\"https:\/\/www.sjmaquinsa.com.mx\/Home\/wp-content\/uploads\/2021\/11\/IMG_9230-scaled.jpg\" data-link=\"https:\/\/www.sjmaquinsa.com.mx\/Home\/servicios\/attachment\/img_9230\/\" class=\"wp-image-823\" srcset=\"https:\/\/www.sjmaquinsa.com.mx\/Home\/wp-content\/uploads\/2021\/11\/IMG_9230-scaled.jpg 2560w, https:\/\/www.sjmaquinsa.com.mx\/Home\/wp-content\/uploads\/2021\/11\/IMG_9230-300x200.jpg 300w, https:\/\/www.sjmaquinsa.com.mx\/Home\/wp-content\/uploads\/2021\/11\/IMG_9230-1024x683.jpg 1024w, https:\/\/www.sjmaquinsa.com.mx\/Home\/wp-content\/uploads\/2021\/11\/IMG_9230-768x512.jpg 768w, https:\/\/www.sjmaquinsa.com.mx\/Home\/wp-content\/uploads\/2021\/11\/IMG_9230-1536x1024.jpg 1536w, https:\/\/www.sjmaquinsa.com.mx\/Home\/wp-content\/uploads\/2021\/11\/IMG_9230-2048x1365.jpg 2048w, https:\/\/www.sjmaquinsa.com.mx\/Home\/wp-content\/uploads\/2021\/11\/IMG_9230-930x620.jpg 930w\" sizes=\"auto, (max-width: 2560px) 100vw, 2560px\" \/><\/figure><\/li><li class=\"blocks-gallery-item\"><figure><img loading=\"lazy\" decoding=\"async\" width=\"480\" height=\"361\" src=\"https:\/\/www.sjmaquinsa.com.mx\/Home\/wp-content\/uploads\/2021\/11\/03-Galeria-Home.png\" alt=\"\" data-id=\"417\" data-full-url=\"https:\/\/www.sjmaquinsa.com.mx\/Home\/wp-content\/uploads\/2021\/11\/03-Galeria-Home.png\" data-link=\"https:\/\/www.sjmaquinsa.com.mx\/Home\/home\/attachment\/03-galeria-home\/\" class=\"wp-image-417\" srcset=\"https:\/\/www.sjmaquinsa.com.mx\/Home\/wp-content\/uploads\/2021\/11\/03-Galeria-Home.png 480w, https:\/\/www.sjmaquinsa.com.mx\/Home\/wp-content\/uploads\/2021\/11\/03-Galeria-Home-300x226.png 300w\" sizes=\"auto, (max-width: 480px) 100vw, 480px\" \/><\/figure><\/li><li class=\"blocks-gallery-item\"><figure><img loading=\"lazy\" decoding=\"async\" width=\"480\" height=\"361\" src=\"https:\/\/www.sjmaquinsa.com.mx\/Home\/wp-content\/uploads\/2021\/11\/02-Galeria-Home.png\" alt=\"\" data-id=\"416\" data-full-url=\"https:\/\/www.sjmaquinsa.com.mx\/Home\/wp-content\/uploads\/2021\/11\/02-Galeria-Home.png\" data-link=\"https:\/\/www.sjmaquinsa.com.mx\/Home\/home\/attachment\/02-galeria-home\/\" class=\"wp-image-416\" srcset=\"https:\/\/www.sjmaquinsa.com.mx\/Home\/wp-content\/uploads\/2021\/11\/02-Galeria-Home.png 480w, https:\/\/www.sjmaquinsa.com.mx\/Home\/wp-content\/uploads\/2021\/11\/02-Galeria-Home-300x226.png 300w\" sizes=\"auto, (max-width: 480px) 100vw, 480px\" \/><\/figure><\/li><\/ul><\/figure>\n\n\n\n<div class=\"wp-block-columns alignfull has-neve-text-color-color has-nv-site-bg-background-color has-text-color has-background is-layout-flex wp-container-core-columns-is-layout-9d6595d7 wp-block-columns-is-layout-flex\">\n<div class=\"wp-block-column is-vertically-aligned-center is-layout-flow wp-block-column-is-layout-flow\" style=\"flex-basis:290px\"><\/div>\n\n\n\n<div class=\"wp-block-column is-vertically-aligned-center has-nv-dark-bg-color has-nv-site-bg-background-color has-text-color has-background is-layout-flow wp-block-column-is-layout-flow\"><div class=\"alignleft is-style-default wp-block-site-logo\"><a href=\"https:\/\/www.sjmaquinsa.com.mx\/Home\/\" class=\"custom-logo-link\" rel=\"home\"><img loading=\"lazy\" decoding=\"async\" width=\"70\" height=\"70\" src=\"https:\/\/www.sjmaquinsa.com.mx\/Home\/wp-content\/uploads\/2021\/11\/Logotipo-Maquiinsa.png\" class=\"custom-logo\" alt=\"SJMAQUINSA\" \/><\/a><\/div>\n\n\n<p><\/p>\n\n\n\n<p><\/p>\n\n\n\n<p class=\"has-text-align-left has-normal-font-size\">Avenida Aztecas No. 22, Parque Industrial Nuevo San Juan, C.P. 76806, San Juan del R\u00edo, Qro.<br><br>Tel: 427 264 2000   |     Maquinados Ingenier\u00eda y Construcci\u00f3n, S.A. de C.V. <\/p>\n<\/div>\n\n\n\n<div class=\"wp-block-column is-vertically-aligned-center is-layout-flow wp-block-column-is-layout-flow\" style=\"flex-basis:290px\">\n<div class=\"wp-block-image is-style-default\"><figure class=\"alignright size-full is-resized\"><a href=\"https:\/\/www.facebook.com\/sjmaquinsa\"><img loading=\"lazy\" decoding=\"async\" src=\"https:\/\/www.sjmaquinsa.com.mx\/Home\/wp-content\/uploads\/2021\/11\/descargar.png\" alt=\"\" class=\"wp-image-867\" width=\"50\" height=\"50\" srcset=\"https:\/\/www.sjmaquinsa.com.mx\/Home\/wp-content\/uploads\/2021\/11\/descargar.png 225w, https:\/\/www.sjmaquinsa.com.mx\/Home\/wp-content\/uploads\/2021\/11\/descargar-150x150.png 150w\" sizes=\"auto, (max-width: 50px) 100vw, 50px\" \/><\/a><\/figure><\/div>\n<\/div>\n\n\n\n<div class=\"wp-block-column is-layout-flow wp-block-column-is-layout-flow\"><\/div>\n<\/div>\n","protected":false},"excerpt":{"rendered":"","protected":false},"author":1,"featured_media":0,"parent":0,"menu_order":0,"comment_status":"closed","ping_status":"closed","template":"","meta":{"neve_meta_sidebar":"default","neve_meta_container":"","neve_meta_enable_content_width":"on","neve_meta_content_width":100,"neve_meta_title_alignment":"","neve_meta_author_avatar":"","neve_post_elements_order":"","neve_meta_disable_header":"","neve_meta_disable_footer":"","neve_meta_disable_title":"on","_ti_tpc_template_sync":false,"_ti_tpc_template_id":"zuvhy18wufi8o2qqt4z7","footnotes":""},"class_list":["post-75","page","type-page","status-publish","hentry"],"_links":{"self":[{"href":"https:\/\/www.sjmaquinsa.com.mx\/Home\/wp-json\/wp\/v2\/pages\/75","targetHints":{"allow":["GET"]}}],"collection":[{"href":"https:\/\/www.sjmaquinsa.com.mx\/Home\/wp-json\/wp\/v2\/pages"}],"about":[{"href":"https:\/\/www.sjmaquinsa.com.mx\/Home\/wp-json\/wp\/v2\/types\/page"}],"author":[{"embeddable":true,"href":"https:\/\/www.sjmaquinsa.com.mx\/Home\/wp-json\/wp\/v2\/users\/1"}],"replies":[{"embeddable":true,"href":"https:\/\/www.sjmaquinsa.com.mx\/Home\/wp-json\/wp\/v2\/comments?post=75"}],"version-history":[{"count":18,"href":"https:\/\/www.sjmaquinsa.com.mx\/Home\/wp-json\/wp\/v2\/pages\/75\/revisions"}],"predecessor-version":[{"id":839,"href":"https:\/\/www.sjmaquinsa.com.mx\/Home\/wp-json\/wp\/v2\/pages\/75\/revisions\/839"}],"wp:attachment":[{"href":"https:\/\/www.sjmaquinsa.com.mx\/Home\/wp-json\/wp\/v2\/media?parent=75"}],"curies":[{"name":"wp","href":"https:\/\/api.w.org\/{rel}","templated":true}]}}